{"id":1003,"date":"2018-12-12T21:56:39","date_gmt":"2018-12-12T23:56:39","guid":{"rendered":"http:\/\/premioledamariamartins.com\/?page_id=1003"},"modified":"2024-08-16T20:51:58","modified_gmt":"2024-08-16T23:51:58","slug":"lnks","status":"publish","type":"page","link":"https:\/\/premioledamariamartins.com\/index.php\/lnks\/","title":{"rendered":"links"},"content":{"rendered":"<div id=\"pl-1003\"  class=\"panel-layout\" >\n<div id=\"pg-1003-0\"  class=\"panel-grid panel-has-style\"  data-style=\"{&quot;id&quot;:&quot;#links&quot;,&quot;background&quot;:&quot;#000000&quot;,&quot;background_image_size&quot;:&quot;full&quot;,&quot;background_image_opacity&quot;:&quot;100&quot;,&quot;border_thickness&quot;:&quot;1px&quot;,&quot;full_height&quot;:&quot;&quot;,&quot;row_stretch&quot;:&quot;full&quot;,&quot;cell_alignment&quot;:&quot;flex-start&quot;,&quot;align&quot;:&quot;&quot;,&quot;background_image&quot;:false,&quot;overlay&quot;:&quot;&quot;,&quot;overlay_color&quot;:&quot;#000000&quot;}\" >\n<div class=\"siteorigin-panels-stretch panel-row-style panel-row-style-for-1003-0\" style=\"padding: 100px 0; \" id=\"links\" data-stretch-type=\"full\" data-overlay=\"true\" data-overlay-color=\"#000000\" >\n<div id=\"pgc-1003-0-0\"  class=\"panel-grid-cell\"  data-weight=\"1\" >\n<div id=\"panel-1003-0-0-0\" class=\"so-panel widget widget_sow-editor panel-first-child panel-last-child\" data-index=\"0\" data-style=\"{&quot;id&quot;:&quot;#links&quot;,&quot;background_image_attachment&quot;:false,&quot;background_display&quot;:&quot;tile&quot;,&quot;content_alignment&quot;:&quot;left&quot;,&quot;title_color&quot;:&quot;#443f3f&quot;,&quot;headings_color&quot;:&quot;#443f3f&quot;}\" >\n<div style=\"text-align: left;\" id=\"links\" data-title-color=\"#443f3f\" data-headings-color=\"#443f3f\" class=\"panel-widget-style panel-widget-style-for-1003-0-0-0\" >\n<div\n\t\t\t\n\t\t\tclass=\"so-widget-sow-editor so-widget-sow-editor-base\"\n\t\t\t\n\t\t><\/p>\n<h3 class=\"widget-title\">Links<\/h3>\n<div class=\"siteorigin-widget-tinymce textwidget\">\n<p style=\"text-align: center;\"><a href=\"https:\/\/pt-br.facebook.com\/aldeiakilombo\/\" target=\"_blank\" rel=\"noopener\">ALDEIA KILOMBO NO S\u00c9CULO XXI<\/a><br \/>\n<a href=\"https:\/\/www.facebook.com\/amostra.lab\/\">A-MOSTRA.LAB<\/a><br \/>\n<a href=\"https:\/\/www.sympla.com.br\/aquilombo---mostra-de-arte-negra__170312\" target=\"_blank\" rel=\"noopener\">AQUILOMB\u00d4<\/a><br \/>\n<a href=\"http:\/\/gabinetona.org\/cefraga\/index.html\">C\u00ca FRAGA?<\/a><br \/>\n<a href=\"http:\/\/centroculturalvirtual.com.br\/home\">CENTRO CULTURAL VIRTUAL<\/a><br \/>\n<a href=\"http:\/\/curtadancabh.blogspot.com\/\">CURTA DAN\u00c7A<\/a><br \/>\n<a href=\"https:\/\/www.facebook.com\/Editora-Javali-725850520863951\/\">EDITORA JAVALI<\/a><br \/>\n<a href=\"http:\/\/www.mazzaedicoes.com.br\/\">EDITORA MAZZA<\/a><br \/>\n<a href=\"http:\/\/nandyalalivros.com.br\/\">EDITORA NANDYALA<\/a><br \/>\n<a href=\"https:\/\/pt-br.facebook.com\/EnegreSer\/\">ENEGRESER<\/a><br \/>\n<a href=\"http:\/\/galpaocinehorto.com.br\/projetos\/festival-cenas-curtas\/\">FESTIVAL CENAS CURTAS<\/a><br \/>\n<a href=\"http:\/\/www.fanbh.com.br\/\">FESTIVAL DE ARTE NEGRA<\/a><br \/>\n<a href=\"http:\/\/fitbh.com.br\/\">FESTIVAL INTERNACIONAL DE TEATRO PALCO E RUA DE BELO HORIZONTE<\/a><br \/>\n<a href=\"http:\/\/noato.org.br\/feto\/\">FETO<\/a><br \/>\n<a href=\"http:\/\/www.focoincena.com.br\/\">FOCO IN CENA<\/a><br \/>\n<a href=\"http:\/\/www.fid.com.br\/2017\/espet%C3%A1culos.html\">F\u00d3RUM INTERNACIONAL DE DAN\u00c7A<\/a><br \/>\n<a href=\"http:\/\/www.horizontedacena.com\/\">HORIZONTE DA CENA<\/a><br \/>\n<a href=\"http:\/\/www.letras.ufmg.br\/literafro\/teatro\">LITERAFRO\u00a0<\/a><br \/>\n<a href=\"https:\/\/www.facebook.com\/livrariabantu\/\">LIVRARIA BANTU<\/a><br \/>\n<a href=\"http:\/\/burlantins.com.br\/benjamin\/a-mostra-2\/\">MOSTRA BENJAMIN DE OLIVEIRA<\/a><br \/>\n<a href=\"https:\/\/www.facebook.com\/events\/1227786884028627\/\">MOSTRA NEGRAS AUTORAS<\/a><br \/>\n<a href=\"https:\/\/mostraperplexa.wordpress.com\/\">MOSTRA PERPLEXA<\/a><br \/>\n<a href=\"https:\/\/www.ufmg.br\/dri\/1a-mostra-de-teatro-universitario-da-ufmg\/\">MOSTRA TU<\/a><br \/>\n<a href=\"http:\/\/negrariacoletivodeartistasnegros.blogspot.com\/\">NEGRARIA<\/a><br \/>\n<a href=\"http:\/\/polifonicanegra.com\/2017\/\">POLIF\u00d4NICA NEGRA<\/a><br \/>\n<a href=\"https:\/\/pt-br.facebook.com\/premiozumbideculturabh\/\">PR\u00caMIO ZUMBI DE CULTURA<\/a><br \/>\n<a href=\"https:\/\/pt-br.facebook.com\/projetopretancauna\/\">PROJETO PRETAN\u00c7A<\/a><br \/>\n<a href=\"http:\/\/centroculturalvirtual.com.br\/conteudo\/rede-ndash-terreiro-contemporaneo-de-danca\">REDE TERREIRO CONTEMPOR\u00c2NEO<\/a><br \/>\n<a href=\"http:\/\/segundapreta.com\/\">segundaPRETA\u00a0<\/a><br \/>\n<a href=\"http:\/\/picdeer.com\/tarolandopj\">TEATRO NA QUEBRADA<\/a><br \/>\n<a href=\"http:\/\/viradaculturalbh.com.br\/2016\/\">VIRADA CULTURAL DE BELO HORIZONTE<\/a><\/p>\n<\/div>\n<\/div>\n<\/div>\n<\/div>\n<\/div>\n<\/div>\n<\/div>\n<\/div>\n","protected":false},"excerpt":{"rendered":"<p>Links ALDEIA KILOMBO NO S\u00c9CULO XXI A-MOSTRA.LAB AQUILOMB\u00d4 C\u00ca FRAGA? CENTRO CULTURAL VIRTUAL CURTA DAN\u00c7A EDITORA JAVALI EDITORA MAZZA EDITORA NANDYALA ENEGRESER FESTIVAL CENAS CURTAS FESTIVAL DE ARTE NEGRA FESTIVAL INTERNACIONAL DE TEATRO PALCO E RUA DE BELO HORIZONTE FETO FOCO IN CENA F\u00d3RUM INTERNACIONAL DE DAN\u00c7A HORIZONTE DA CENA LITERAFRO\u00a0 LIVRARIA BANTU MOSTRA BENJAMIN [&hellip;]<\/p>\n","protected":false},"author":1,"featured_media":0,"parent":0,"menu_order":0,"comment_status":"closed","ping_status":"closed","template":"page-templates\/page_front-page.php","meta":{"footnotes":""},"class_list":["post-1003","page","type-page","status-publish","hentry"],"_links":{"self":[{"href":"https:\/\/premioledamariamartins.com\/index.php\/wp-json\/wp\/v2\/pages\/1003","targetHints":{"allow":["GET"]}}],"collection":[{"href":"https:\/\/premioledamariamartins.com\/index.php\/wp-json\/wp\/v2\/pages"}],"about":[{"href":"https:\/\/premioledamariamartins.com\/index.php\/wp-json\/wp\/v2\/types\/page"}],"author":[{"embeddable":true,"href":"https:\/\/premioledamariamartins.com\/index.php\/wp-json\/wp\/v2\/users\/1"}],"replies":[{"embeddable":true,"href":"https:\/\/premioledamariamartins.com\/index.php\/wp-json\/wp\/v2\/comments?post=1003"}],"version-history":[{"count":6,"href":"https:\/\/premioledamariamartins.com\/index.php\/wp-json\/wp\/v2\/pages\/1003\/revisions"}],"predecessor-version":[{"id":2132,"href":"https:\/\/premioledamariamartins.com\/index.php\/wp-json\/wp\/v2\/pages\/1003\/revisions\/2132"}],"wp:attachment":[{"href":"https:\/\/premioledamariamartins.com\/index.php\/wp-json\/wp\/v2\/media?parent=1003"}],"curies":[{"name":"wp","href":"https:\/\/api.w.org\/{rel}","templated":true}]}}