{"id":1380,"date":"2020-10-06T20:31:46","date_gmt":"2020-10-06T23:31:46","guid":{"rendered":"http:\/\/premioledamariamartins.com\/?page_id=1380"},"modified":"2021-12-22T11:51:24","modified_gmt":"2021-12-22T14:51:24","slug":"quilombismo","status":"publish","type":"page","link":"https:\/\/premioledamariamartins.com\/index.php\/quilombismo\/","title":{"rendered":""},"content":{"rendered":"<div id=\"pl-1380\"  class=\"panel-layout\" >\n<div id=\"pg-1380-0\"  class=\"panel-grid panel-has-style\"  data-style=\"{&quot;cell_alignment&quot;:&quot;flex-start&quot;,&quot;align&quot;:&quot;&quot;,&quot;background_image&quot;:false,&quot;overlay&quot;:&quot;&quot;,&quot;overlay_color&quot;:&quot;#000000&quot;}\"  data-ratio=\"1\"  data-ratio-direction=\"right\" >\n<div style=\"padding: 100px 0; \" data-overlay=\"true\" data-overlay-color=\"#000000\" class=\"panel-row-style panel-row-style-for-1380-0\" >\n<div id=\"pgc-1380-0-0\"  class=\"panel-grid-cell\"  data-weight=\"1\" >\n<div id=\"panel-1380-0-0-0\" class=\"so-panel widget widget_sow-editor panel-first-child panel-last-child\" data-index=\"0\" data-style=\"{&quot;background_image_attachment&quot;:false,&quot;background_display&quot;:&quot;tile&quot;,&quot;content_alignment&quot;:&quot;left&quot;,&quot;title_color&quot;:&quot;#443f3f&quot;,&quot;headings_color&quot;:&quot;#443f3f&quot;}\" >\n<div style=\"text-align: left;\" data-title-color=\"#443f3f\" data-headings-color=\"#443f3f\" class=\"panel-widget-style panel-widget-style-for-1380-0-0-0\" >\n<div class=\"so-widget-sow-editor so-widget-sow-editor-base\">\n<h3 class=\"widget-title\">QUILOMBISMO (2020)<\/h3>\n<div class=\"siteorigin-widget-tinymce textwidget\">\n<p style=\"text-align: justify;\"><img loading=\"lazy\" decoding=\"async\" class=\"size-full wp-image-1366 alignleft\" src=\"https:\/\/premioledamariamartins.com\/wp-content\/uploads\/2020\/10\/edicoes-PLMM-2020.jpg\" alt=\"\" width=\"300\" height=\"300\" srcset=\"https:\/\/premioledamariamartins.com\/wp-content\/uploads\/2020\/10\/edicoes-PLMM-2020.jpg 300w, https:\/\/premioledamariamartins.com\/wp-content\/uploads\/2020\/10\/edicoes-PLMM-2020-150x150.jpg 150w, https:\/\/premioledamariamartins.com\/wp-content\/uploads\/2020\/10\/edicoes-PLMM-2020-230x230.jpg 230w\" sizes=\"auto, (max-width: 300px) 100vw, 300px\" \/>Tema inspirado no Livro \u201cO Quilombismo: documentos de uma milit\u00e2ncia pan-africanista\u201d, Abdias Nascimento, edi\u00e7\u00e3o 2019.<\/p>\n<hr \/>\n<p style=\"text-align: justify;\">Dia 22 de agosto de 2020<br \/>\nV\u00eddeo|Premia\u00e7\u00e3o<br \/>\nDura\u00e7\u00e3o: 33 min<br \/>\nDescri\u00e7\u00e3o: Aquilomb\u00f4 Aquilombamento Kilombo Quilombagem Queerlombo Quilombhoje Cyberquilombo Quilombo&#8230;<\/p>\n<p style=\"text-align: justify;\">No ABC do Quilombismo est\u00e1 a coletividade negra brasileira como atua\u00e7\u00e3o e autoria de uma tecnologia ancestral de organiza\u00e7\u00e3o s\u00f3cio-pol\u00edtico-cultural. Assim, nesse v\u00eddeo, est\u00e3o aquilombadas afrografias da 1\u00aa, 2\u00aa, 3\u00aa e especialmente a 4\u00aa edi\u00e7\u00e3o do Pr\u00eamio Leda Maria Martins de Artes C\u00eanicas Negras de Belo Horizonte.<\/p>\n<p style=\"text-align: justify;\">Homenagem: Hilton Cobra \u2013 Cia dos Comuns (RJ)<br \/>\nCuradoria: Denilson Tourinho<br \/>\nJ\u00fari 2020: Giovanna Heliodoro, Evandro Passos e Marcus Carvalho<\/p>\n<hr \/>\n<p>Pr\u00eamios:<\/p>\n<p>Trof\u00e9u, certificado, livro \u201cO Quilombismo\u201d (Abdias Nascimento) e 10 mil reais entre as premiadas.<br \/>\nTrof\u00e9u: Cerbambu | L\u00facio Ventania<br \/>\nProjeto e Roteiro:\u00a0Denilson Tourinho<br \/>\nPrograma\u00e7\u00e3o visual: Aqui Tamb\u00e9m \u00e9 seu Quilombo | Alexandre de Sena<br \/>\nEdi\u00e7\u00e3o de v\u00eddeo:\u00a0Ponta de Anzol | Maick Hannder<br \/>\nProdu\u00e7\u00e3o de v\u00eddeo:\u00a0Ponta de Anzol | Jacson Dias<br \/>\nParceria: Projeto Pretan\u00e7a e Livraria Bantu<br \/>\nPatroc\u00ednio: BDMG Cultural e BDMG<\/p>\n<hr \/>\n<p style=\"font-weight: 400; text-align: center;\"><strong>Espet\u00e1culos Premiados em 10 categorias do Pr\u00eamio LMM 2020<\/strong><\/p>\n<p style=\"font-weight: 400;\">1- ENCRUZILHADA\u00a0 &#8211; \u00c1rea: dire\u00e7\u00e3o.<br \/>\nA MORTE DE ANT\u00d4NIO PRETO<\/p>\n<p style=\"font-weight: 400;\">2- MURIQUINHO &#8211; \u00c1rea: infantojuvenil.<br \/>\nO NEGRO, A FLOR E O ROS\u00c1RIO<\/p>\n<p style=\"font-weight: 400;\">3- ORALITURA &#8211; \u00c1rea: texto, trilha sonora.<br \/>\nMULHERES DE BAOB\u00c1<\/p>\n<p style=\"font-weight: 400;\">4- CORPO ADERE\u00c7O\u00a0 &#8211; \u00c1rea: dan\u00e7a.<br \/>\nMARCAPASSO<\/p>\n<p style=\"font-weight: 400;\">5- PERFORMANCE DO TEMPO ESPIRALAR &#8211; \u00c1rea: performance.<br \/>\nNAG\u00d4<\/p>\n<p style=\"font-weight: 400;\">6 &#8211; LUGAR DA MEM\u00d3RIA &#8211; \u00c1rea: cena curta.<br \/>\nAKULO<\/p>\n<p style=\"font-weight: 400;\">7 \u2013 AFROGRAFIA &#8211; \u00c1rea: atua\u00e7\u00e3o.<br \/>\nAPARECIDA<\/p>\n<p style=\"font-weight: 400;\">8- CENA EM SOMBRAS &#8211; \u00c1rea: cen\u00e1rio, figurino e\/ou luz.<br \/>\nIN S\u00c3: O UNIVERSO DO ROS\u00c1RIO EM N\u00d3S<\/p>\n<p style=\"font-weight: 400;\">9- PALCO EM NEGRO &#8211; \u00c1rea: espet\u00e1culo longa dura\u00e7\u00e3o.<br \/>\nANT\u00cdGONAS<\/p>\n<p style=\"font-weight: 400;\">10-ANCESTRALIDADE &#8211; \u00c1rea: personalidade, homenagem, revela\u00e7\u00e3o.<br \/>\nABOLI\u00c7\u00c3O<br \/>\nTRAGA-ME A CABE\u00c7A DE LIMA BARRETO<\/p>\n<\/div>\n<\/div>\n<\/div>\n<\/div>\n<\/div>\n<\/div>\n<\/div>\n<\/div>\n","protected":false},"excerpt":{"rendered":"<p>QUILOMBISMO (2020) Tema inspirado no Livro \u201cO Quilombismo: documentos de uma milit\u00e2ncia pan-africanista\u201d, Abdias Nascimento, edi\u00e7\u00e3o 2019. Dia 22 de agosto de 2020 V\u00eddeo|Premia\u00e7\u00e3o Dura\u00e7\u00e3o: 33 min Descri\u00e7\u00e3o: Aquilomb\u00f4 Aquilombamento Kilombo Quilombagem Queerlombo Quilombhoje Cyberquilombo Quilombo&#8230; No ABC do Quilombismo est\u00e1 a coletividade negra brasileira como atua\u00e7\u00e3o e autoria de uma tecnologia ancestral de organiza\u00e7\u00e3o [&hellip;]<\/p>\n","protected":false},"author":1,"featured_media":0,"parent":0,"menu_order":0,"comment_status":"closed","ping_status":"closed","template":"page-templates\/page_front-page.php","meta":{"footnotes":""},"class_list":["post-1380","page","type-page","status-publish","hentry"],"_links":{"self":[{"href":"https:\/\/premioledamariamartins.com\/index.php\/wp-json\/wp\/v2\/pages\/1380","targetHints":{"allow":["GET"]}}],"collection":[{"href":"https:\/\/premioledamariamartins.com\/index.php\/wp-json\/wp\/v2\/pages"}],"about":[{"href":"https:\/\/premioledamariamartins.com\/index.php\/wp-json\/wp\/v2\/types\/page"}],"author":[{"embeddable":true,"href":"https:\/\/premioledamariamartins.com\/index.php\/wp-json\/wp\/v2\/users\/1"}],"replies":[{"embeddable":true,"href":"https:\/\/premioledamariamartins.com\/index.php\/wp-json\/wp\/v2\/comments?post=1380"}],"version-history":[{"count":6,"href":"https:\/\/premioledamariamartins.com\/index.php\/wp-json\/wp\/v2\/pages\/1380\/revisions"}],"predecessor-version":[{"id":1435,"href":"https:\/\/premioledamariamartins.com\/index.php\/wp-json\/wp\/v2\/pages\/1380\/revisions\/1435"}],"wp:attachment":[{"href":"https:\/\/premioledamariamartins.com\/index.php\/wp-json\/wp\/v2\/media?parent=1380"}],"curies":[{"name":"wp","href":"https:\/\/api.w.org\/{rel}","templated":true}]}}