{"id":214,"date":"2018-12-05T18:47:41","date_gmt":"2018-12-05T20:47:41","guid":{"rendered":"http:\/\/premioledamariamartins.com\/?page_id=214"},"modified":"2025-11-12T11:21:21","modified_gmt":"2025-11-12T14:21:21","slug":"categorias","status":"publish","type":"page","link":"https:\/\/premioledamariamartins.com\/index.php\/categorias\/","title":{"rendered":"CATEGORIAS"},"content":{"rendered":"<div id=\"pl-214\"  class=\"panel-layout\" >\n<div id=\"pg-214-0\"  class=\"panel-grid panel-has-style\"  data-style=\"{&quot;background&quot;:&quot;#000000&quot;,&quot;background_image_size&quot;:&quot;full&quot;,&quot;background_image_opacity&quot;:&quot;100&quot;,&quot;border_thickness&quot;:&quot;1px&quot;,&quot;full_height&quot;:&quot;&quot;,&quot;bottom_margin&quot;:&quot;-100px&quot;,&quot;row_stretch&quot;:&quot;full&quot;,&quot;cell_alignment&quot;:&quot;flex-start&quot;,&quot;align&quot;:&quot;&quot;,&quot;background_image&quot;:false,&quot;overlay&quot;:&quot;&quot;,&quot;overlay_color&quot;:&quot;#000000&quot;}\" >\n<div class=\"siteorigin-panels-stretch panel-row-style panel-row-style-for-214-0\" style=\"padding: 100px 0; \" data-stretch-type=\"full\" data-overlay=\"true\" data-overlay-color=\"#000000\" >\n<div id=\"pgc-214-0-0\"  class=\"panel-grid-cell\"  data-weight=\"1\" >\n<div id=\"panel-214-0-0-0\" class=\"so-panel widget widget_sow-editor panel-first-child panel-last-child\" data-index=\"0\" data-style=\"{&quot;background_image_attachment&quot;:false,&quot;background_display&quot;:&quot;tile&quot;,&quot;content_alignment&quot;:&quot;left&quot;,&quot;title_color&quot;:&quot;#443f3f&quot;,&quot;headings_color&quot;:&quot;#443f3f&quot;}\" >\n<div style=\"text-align: left;\" data-title-color=\"#443f3f\" data-headings-color=\"#443f3f\" class=\"panel-widget-style panel-widget-style-for-214-0-0-0\" >\n<div\n\t\t\t\n\t\t\tclass=\"so-widget-sow-editor so-widget-sow-editor-base\"\n\t\t\t\n\t\t><\/p>\n<h3 class=\"widget-title\">CATEGORIAS<\/h3>\n<div class=\"siteorigin-widget-tinymce textwidget\">\n\t<\/div>\n<\/div>\n<\/div>\n<\/div>\n<\/div>\n<\/div>\n<\/div>\n<div id=\"pg-214-1\"  class=\"panel-grid panel-has-style\"  data-style=\"{&quot;padding&quot;:&quot;-200px&quot;,&quot;background&quot;:&quot;#000000&quot;,&quot;background_image_size&quot;:&quot;full&quot;,&quot;background_image_opacity&quot;:&quot;100&quot;,&quot;border_thickness&quot;:&quot;1px&quot;,&quot;full_height&quot;:&quot;&quot;,&quot;row_stretch&quot;:&quot;full&quot;,&quot;cell_alignment&quot;:&quot;flex-start&quot;,&quot;align&quot;:&quot;&quot;,&quot;background_image&quot;:false,&quot;overlay&quot;:&quot;&quot;,&quot;overlay_color&quot;:&quot;#000000&quot;}\" >\n<div class=\"siteorigin-panels-stretch panel-row-style panel-row-style-for-214-1\" style=\"padding: -200px 0; \" data-stretch-type=\"full\" data-overlay=\"true\" data-overlay-color=\"#000000\" >\n<div id=\"pgc-214-1-0\"  class=\"panel-grid-cell\"  data-weight=\"0.5\" >\n<div id=\"panel-214-1-0-0\" class=\"so-panel widget widget_sow-editor panel-first-child panel-last-child\" data-index=\"1\" data-style=\"{&quot;background_image_attachment&quot;:false,&quot;background_display&quot;:&quot;tile&quot;,&quot;margin&quot;:&quot;0px 20px 0px 0px&quot;,&quot;content_alignment&quot;:&quot;left&quot;,&quot;title_color&quot;:&quot;#443f3f&quot;,&quot;headings_color&quot;:&quot;#443f3f&quot;}\" >\n<div style=\"text-align: left;\" data-title-color=\"#443f3f\" data-headings-color=\"#443f3f\" class=\"panel-widget-style panel-widget-style-for-214-1-0-0\" >\n<div\n\t\t\t\n\t\t\tclass=\"so-widget-sow-editor so-widget-sow-editor-base\"\n\t\t\t\n\t\t><\/p>\n<div class=\"siteorigin-widget-tinymce textwidget\">\n<p><img loading=\"lazy\" decoding=\"async\" class=\"alignnone size-large wp-image-215\" src=\"https:\/\/premioledamariamartins.com\/wp-content\/uploads\/2018\/12\/25383189_1663532663683582_562003362_o-1024x622.jpg\" alt=\"\" width=\"1024\" height=\"622\" srcset=\"https:\/\/premioledamariamartins.com\/wp-content\/uploads\/2018\/12\/25383189_1663532663683582_562003362_o-1024x622.jpg 1024w, https:\/\/premioledamariamartins.com\/wp-content\/uploads\/2018\/12\/25383189_1663532663683582_562003362_o-300x182.jpg 300w, https:\/\/premioledamariamartins.com\/wp-content\/uploads\/2018\/12\/25383189_1663532663683582_562003362_o-768x467.jpg 768w, https:\/\/premioledamariamartins.com\/wp-content\/uploads\/2018\/12\/25383189_1663532663683582_562003362_o-830x504.jpg 830w, https:\/\/premioledamariamartins.com\/wp-content\/uploads\/2018\/12\/25383189_1663532663683582_562003362_o-230x140.jpg 230w, https:\/\/premioledamariamartins.com\/wp-content\/uploads\/2018\/12\/25383189_1663532663683582_562003362_o-350x213.jpg 350w, https:\/\/premioledamariamartins.com\/wp-content\/uploads\/2018\/12\/25383189_1663532663683582_562003362_o-480x292.jpg 480w\" sizes=\"auto, (max-width: 1024px) 100vw, 1024px\" \/><\/p>\n<p>&nbsp;<\/p>\n<p><img loading=\"lazy\" decoding=\"async\" class=\"alignnone size-full wp-image-245\" src=\"https:\/\/premioledamariamartins.com\/wp-content\/uploads\/2018\/12\/23432793_1625375164165999_1866966695_o.jpg\" alt=\"\" width=\"1495\" height=\"2048\" srcset=\"https:\/\/premioledamariamartins.com\/wp-content\/uploads\/2018\/12\/23432793_1625375164165999_1866966695_o.jpg 1495w, https:\/\/premioledamariamartins.com\/wp-content\/uploads\/2018\/12\/23432793_1625375164165999_1866966695_o-219x300.jpg 219w, https:\/\/premioledamariamartins.com\/wp-content\/uploads\/2018\/12\/23432793_1625375164165999_1866966695_o-768x1052.jpg 768w, https:\/\/premioledamariamartins.com\/wp-content\/uploads\/2018\/12\/23432793_1625375164165999_1866966695_o-748x1024.jpg 748w, https:\/\/premioledamariamartins.com\/wp-content\/uploads\/2018\/12\/23432793_1625375164165999_1866966695_o-830x1137.jpg 830w, https:\/\/premioledamariamartins.com\/wp-content\/uploads\/2018\/12\/23432793_1625375164165999_1866966695_o-230x315.jpg 230w, https:\/\/premioledamariamartins.com\/wp-content\/uploads\/2018\/12\/23432793_1625375164165999_1866966695_o-350x479.jpg 350w, https:\/\/premioledamariamartins.com\/wp-content\/uploads\/2018\/12\/23432793_1625375164165999_1866966695_o-480x658.jpg 480w\" sizes=\"auto, (max-width: 1495px) 100vw, 1495px\" \/><\/p>\n<p>&nbsp;<\/p>\n<p><img loading=\"lazy\" decoding=\"async\" class=\"alignnone size-full wp-image-299\" src=\"https:\/\/premioledamariamartins.com\/wp-content\/uploads\/2018\/12\/25353249_1663533170350198_1823702754_o.jpg\" alt=\"\" width=\"3537\" height=\"2341\" srcset=\"https:\/\/premioledamariamartins.com\/wp-content\/uploads\/2018\/12\/25353249_1663533170350198_1823702754_o.jpg 3537w, https:\/\/premioledamariamartins.com\/wp-content\/uploads\/2018\/12\/25353249_1663533170350198_1823702754_o-300x199.jpg 300w, https:\/\/premioledamariamartins.com\/wp-content\/uploads\/2018\/12\/25353249_1663533170350198_1823702754_o-768x508.jpg 768w, https:\/\/premioledamariamartins.com\/wp-content\/uploads\/2018\/12\/25353249_1663533170350198_1823702754_o-1024x678.jpg 1024w, https:\/\/premioledamariamartins.com\/wp-content\/uploads\/2018\/12\/25353249_1663533170350198_1823702754_o-830x549.jpg 830w, https:\/\/premioledamariamartins.com\/wp-content\/uploads\/2018\/12\/25353249_1663533170350198_1823702754_o-230x152.jpg 230w, https:\/\/premioledamariamartins.com\/wp-content\/uploads\/2018\/12\/25353249_1663533170350198_1823702754_o-350x232.jpg 350w, https:\/\/premioledamariamartins.com\/wp-content\/uploads\/2018\/12\/25353249_1663533170350198_1823702754_o-480x318.jpg 480w\" sizes=\"auto, (max-width: 3537px) 100vw, 3537px\" \/><\/p>\n<\/div>\n<\/div>\n<\/div>\n<\/div>\n<\/div>\n<div id=\"pgc-214-1-1\"  class=\"panel-grid-cell\"  data-weight=\"0.5\" >\n<div id=\"panel-214-1-1-0\" class=\"so-panel widget widget_sow-editor panel-first-child panel-last-child\" data-index=\"2\" data-style=\"{&quot;background_image_attachment&quot;:false,&quot;background_display&quot;:&quot;tile&quot;,&quot;background_image_size&quot;:&quot;full&quot;,&quot;background_image_opacity&quot;:&quot;100&quot;,&quot;border_thickness&quot;:&quot;1px&quot;,&quot;margin&quot;:&quot;0px 0px 0px 20px&quot;,&quot;content_alignment&quot;:&quot;left&quot;,&quot;title_color&quot;:&quot;#443f3f&quot;,&quot;headings_color&quot;:&quot;#443f3f&quot;}\" >\n<div style=\"text-align: left;\" data-title-color=\"#443f3f\" data-headings-color=\"#443f3f\" class=\"panel-widget-style panel-widget-style-for-214-1-1-0\" >\n<div\n\t\t\t\n\t\t\tclass=\"so-widget-sow-editor so-widget-sow-editor-base\"\n\t\t\t\n\t\t><\/p>\n<div class=\"siteorigin-widget-tinymce textwidget\">\n<p>D\u00e1 licen\u00e7a<br \/>\nD\u00e1 licen\u00e7a os povo de ontem,<br \/>\nos de hoje e de amanh\u00e3<br \/>\nD\u00e1 licen\u00e7a as palavras<br \/>\nPra contar nossas hist\u00f3rias e tamb\u00e9m pra nos contar<br \/>\nPra contar que somos mais,<br \/>\nmais que possa imaginar<br \/>\nD\u00e1 licen\u00e7a as hist\u00f3rias que agora v\u00e3o contar&#8230;<br \/>\nDonde se cruzam caminhos,<br \/>\nCulturas, motrizes<br \/>\nDonde tomamos um rumo,<br \/>\ndo lugar de <strong>ENCRUZILHADA<br \/>\n<\/strong><strong>\u00c1rea: dire\u00e7\u00e3o<\/strong><\/p>\n<hr \/>\n<p><strong>Cantador\/a<br \/>\n<\/strong><strong>MURIQUINHO<\/strong>, crian\u00e7a pequenina.<br \/>\n<em>Muriquinho piquinino, <\/em>(2x)<br \/>\n<em>\u00d4 parente<br \/>\n<\/em><em>De quissamba na cacunda,<br \/>\n<\/em><em>Purugunta adonde vai <\/em>(2x)<br \/>\n<em>\u00d4 parente<br \/>\n<\/em><em>Pru quilombo do Dumb\u00e1<br \/>\n<\/em><em>Purugunta adonde vai <\/em>(2x)<br \/>\n<em>\u00d4 parente<br \/>\n<\/em><em>Pru quilombo do Dumb\u00e1<br \/>\n<\/em><em>Ei, chora-chora mgongo \u00ea devera<br \/>\n<\/em><em>chora, mgongo, chora<br \/>\n<\/em><em>Ei, chora-chora mgongo \u00ea cambada<br \/>\n<\/em><em>chora, mgongo, chora<br \/>\n<\/em><strong>\u00c1rea: infantojuvenil<\/strong><strong>\u00a0<\/strong><\/p>\n<hr \/>\n<p>Hist\u00f3rias veladas,<br \/>\nde repente reveladas<br \/>\nSe n\u00e3o deu pra entender,<br \/>\nv\u00e3o agora recontar<br \/>\nContar uma vez,<br \/>\nduas vezes,<br \/>\nquantas vezes precisar<br \/>\nContar com palavras,<br \/>\nem papel e sem papel<br \/>\nContar com textos,<br \/>\ngrafados na mem\u00f3ria<br \/>\nContar com verbos,<br \/>\nescritos com corpos,<br \/>\nsons,<br \/>\ne movimentos<br \/>\n<strong>ORALITURA<br \/>\n<\/strong><strong>\u00c1rea: texto | trilha sonora<\/strong><\/p>\n<hr \/>\n<p>Narrativas distintas de retintas negruras<br \/>\nVozes e figurinos em movimentos<br \/>\nCoreografias em cada curva espiralar<br \/>\nDesenhadas dos cabelos aos p\u00e9s,<br \/>\nadornos e saberes em volteios<br \/>\nOstentam corpa e <strong>CORPO ADERE\u00c7O<br \/>\n<\/strong><strong>\u00c1rea: dan\u00e7a<\/strong><\/p>\n<hr \/>\n<p>Evento <strong>PERFORMANCE DO TEMPO ESPIRALAR<br \/>\n<\/strong>Atravessa e \u00e9 atravessado<br \/>\npelo passado,<br \/>\nfuturo e<br \/>\npresente<br \/>\nTempo n\u00e3o linear<br \/>\nEm curvas, vai e volta<br \/>\nGira ancestral que inspira ar<br \/>\nTransforma, rasura e acrescenta<br \/>\n<strong>\u00c1rea: performance<\/strong><\/p>\n<p>Corpa, corpo, <em>corpus <\/em>em performances rituais<br \/>\nElabora\u00e7\u00f5es espetaculares<br \/>\nCena negra<br \/>\nLugar de saber e enuncia\u00e7\u00e3o<br \/>\nInstitui e mant\u00e9m<br \/>\n<em>Locus\/<\/em><strong>LUGAR DA MEM\u00d3RIA<br \/>\n<\/strong><strong>\u00c1rea: obra art\u00edstica de curta dura\u00e7\u00e3o<\/strong><strong>\u00a0<\/strong><\/p>\n<hr \/>\n<p>Negra cor,<br \/>\ncorpo,<br \/>\nportal<br \/>\nInscreve e<br \/>\ninterpreta,<br \/>\npor meio da voz:<br \/>\npalavra est\u00e9tica<br \/>\nPor meio do gesto:<br \/>\ncoreografia po\u00e9tica<br \/>\nRepert\u00f3rio de saberes,<br \/>\nEm <strong>AFROGRAFIA<br \/>\n<\/strong><strong>\u00c1rea: atua\u00e7\u00e3o<\/strong><\/p>\n<hr \/>\n<p>Escritura est\u00e9tica,<br \/>\nnem sempre avistada<br \/>\nRasura epist\u00eamica,<br \/>\nconfabulada<br \/>\nRuptura sem\u00e2ntica,<br \/>\nnegritada<br \/>\n<strong>CENA EM SOMBRAS,<br \/>\n<\/strong>quando vista<br \/>\ndescortina exuber\u00e2ncia de paisagens,<br \/>\nvestes<br \/>\ne luzes<br \/>\n<strong>\u00c1rea: cen\u00e1rio | figurino | luz<\/strong><\/p>\n<hr \/>\n<p>Surgem cenas insurgentes<br \/>\nTeatros no plural<br \/>\nAportes plurais<br \/>\nAplausos<br \/>\nQuando as cortinas se abrem:<br \/>\n<strong>PALCO EM NEGRO<br \/>\n<\/strong>Mais aplausos<br \/>\nO espet\u00e1culo j\u00e1 vai come\u00e7ar<br \/>\ne n\u00e3o tem hora pra acabar!<br \/>\n<strong>\u00c1rea: obra art\u00edstica longa dura\u00e7\u00e3o<\/strong><\/p>\n<hr \/>\n<p><strong>Cantador\/a<br \/>\n<\/strong><em>T\u00e1 caindo ful\u00f4<br \/>\n<\/em><em>T\u00e1 caindo ful\u00f4<br \/>\n<\/em><em>T\u00e1 caindo ful\u00f4<br \/>\n<\/em><em>T\u00e1 caindo ful\u00f4<br \/>\n<\/em><em>L\u00e1 do c\u00e9u, c\u00e1 na terra<br \/>\n<\/em><em>\u00ca, t\u00e1 caindo ful\u00f4<br \/>\n<\/em><em>L\u00e1 do c\u00e9u, c\u00e1 na terra<br \/>\n<\/em><em>\u00ca, t\u00e1 caindo ful\u00f4<br \/>\n<\/em>(Repete)<br \/>\nRosas doutrora,<br \/>\nagora<br \/>\ne porvir<br \/>\nSalve, salve <strong>ANCESTRALIDADE <\/strong>negro-africana!<br \/>\n<strong>\u00c1rea: personalidade | homenagem | revela\u00e7\u00e3o<br \/>\n<\/strong><\/p>\n<hr \/>\n<p class=\"s3\"><span class=\"s4\">No corpo a cor do saber matiza o gesto<br \/>\n<\/span><span class=\"s4\">Se vira e revira, espirala<br \/>\n<\/span><span class=\"s4\">Faz arte, no plural<br \/>\n<\/span><span class=\"s4\">Se faz tela<br \/>\n<\/span><span class=\"s4\">Integra e entrega po\u00e9ticas<br \/>\n<\/span><span class=\"s4\">Proje\u00e7\u00f5es e fabula\u00e7\u00f5es<br \/>\n<\/span><span class=\"s4\">nutrem a raiz do pa\u00eds,<br \/>\n<\/span><span class=\"s4\"><strong>CORPO-TELA<\/strong>.<br \/>\n<\/span><span class=\"s4\"><strong>\u00c1rea: artes integradas<\/strong>.<\/span><\/p>\n<\/div>\n<\/div>\n<\/div>\n<\/div>\n<\/div>\n<\/div>\n<\/div>\n<div id=\"pg-214-2\"  class=\"panel-grid panel-has-style\"  data-style=\"{&quot;padding&quot;:&quot;-200px&quot;,&quot;background&quot;:&quot;#000000&quot;,&quot;background_image_size&quot;:&quot;full&quot;,&quot;background_image_opacity&quot;:&quot;100&quot;,&quot;border_thickness&quot;:&quot;1px&quot;,&quot;full_height&quot;:&quot;&quot;,&quot;row_stretch&quot;:&quot;full&quot;,&quot;cell_alignment&quot;:&quot;flex-start&quot;,&quot;align&quot;:&quot;&quot;,&quot;background_image&quot;:false,&quot;overlay&quot;:&quot;&quot;,&quot;overlay_color&quot;:&quot;#000000&quot;}\" >\n<div class=\"siteorigin-panels-stretch panel-row-style panel-row-style-for-214-2\" style=\"padding: -200px 0; \" data-stretch-type=\"full\" data-overlay=\"true\" data-overlay-color=\"#000000\" >\n<div id=\"pgc-214-2-0\"  class=\"panel-grid-cell\"  data-weight=\"1\" >\n<div id=\"panel-214-2-0-0\" class=\"so-panel widget widget_sow-editor panel-first-child panel-last-child\" data-index=\"3\" data-style=\"{&quot;background_image_attachment&quot;:false,&quot;background_display&quot;:&quot;tile&quot;,&quot;background_image_size&quot;:&quot;full&quot;,&quot;background_image_opacity&quot;:&quot;100&quot;,&quot;border_thickness&quot;:&quot;1px&quot;,&quot;content_alignment&quot;:&quot;left&quot;,&quot;title_color&quot;:&quot;#443f3f&quot;,&quot;headings_color&quot;:&quot;#443f3f&quot;}\" >\n<div style=\"text-align: left;\" data-title-color=\"#443f3f\" data-headings-color=\"#443f3f\" class=\"panel-widget-style panel-widget-style-for-214-2-0-0\" >\n<div\n\t\t\t\n\t\t\tclass=\"so-widget-sow-editor so-widget-sow-editor-base\"\n\t\t\t\n\t\t><\/p>\n<div class=\"siteorigin-widget-tinymce textwidget\">\n<hr \/>\n<p style=\"text-align: justify;\"><strong>Refer\u00eancias <\/strong><\/p>\n<p>Os referenciais conceituais e culturais que assentam as categorias do pr\u00eamio justificam e real\u00e7am a homenagem \u00e0 Leda Maria Martins. Uma premia\u00e7\u00e3o \u201cmartinsniana\u201d.<\/p>\n<p>&#8211; Tese: \u201cA Cena em sombras &#8211; express\u00f5es do teatro negro no Brasil e nos Estados Unidos\u201d (1991).<\/p>\n<p>&#8211; Livros: \u201cA cena em sombras\u201d (1995); \u201cAfrografias da mem\u00f3ria: o Reinado do Ros\u00e1rio do Jatob\u00e1\u201d (1997); \u201cPerformances do Tempo Espiralar \u2013 po\u00e9ticas do corpo-tela\u201d<\/p>\n<p>&#8211; Artigo: \u201cPerformance do tempo espiralar\u201d (2002).<\/p>\n<p>&#8211; Projetos de pesquisa coordenados por Martins: \u201cO Palco em Negro: reflex\u00f5es sobre a dramaturgia e a cena afro-brasileiras contempor\u00e2neas\u201d (2014-2018) e \u201cO Palco em Negro: estudo da dramaturgia e da escritura c\u00eanica de matizes afrobrasileiros\u201d (2011-2014).<\/p>\n<p>&#8211; Categoria \u201cartes integradas\u201d do Pr\u00eamio Funarte Mestras e Mestres das Artes, sendo a condecora\u00e7\u00e3o recebida por Leda Maria Martins, em 2023.<\/p>\n<p>&#8211; Al\u00e9m disso, algumas categorias se constituem de express\u00f5es da cultura banto.<\/p>\n<p>A partir desses referenciais, as categorias (nomes e textos) e as diretrizes do Pr\u00eamio Leda Maria Martins foram elaboradas por Denilson Tourinho, idealizador e coordenador da premia\u00e7\u00e3o.<\/p>\n<\/div>\n<\/div>\n<\/div>\n<\/div>\n<\/div>\n<\/div>\n<\/div>\n<div id=\"pg-214-3\"  class=\"panel-grid panel-has-style\"  data-style=\"{&quot;background&quot;:&quot;#000000&quot;,&quot;full_height&quot;:&quot;&quot;,&quot;row_stretch&quot;:&quot;full&quot;,&quot;cell_alignment&quot;:&quot;flex-start&quot;,&quot;align&quot;:&quot;&quot;,&quot;background_image&quot;:false,&quot;overlay&quot;:&quot;&quot;,&quot;overlay_color&quot;:&quot;#000000&quot;}\" >\n<div class=\"siteorigin-panels-stretch panel-row-style panel-row-style-for-214-3\" style=\"padding: 100px 0; \" data-stretch-type=\"full\" data-overlay=\"true\" data-overlay-color=\"#000000\" >\n<div id=\"pgc-214-3-0\"  class=\"panel-grid-cell\"  data-weight=\"1\" >\n<div id=\"panel-214-3-0-0\" class=\"so-panel widget widget_sow-editor panel-first-child panel-last-child\" data-index=\"4\" data-style=\"{&quot;background&quot;:&quot;#000000&quot;,&quot;background_image_attachment&quot;:false,&quot;background_display&quot;:&quot;tile&quot;,&quot;background_image_size&quot;:&quot;full&quot;,&quot;background_image_opacity&quot;:&quot;100&quot;,&quot;border_thickness&quot;:&quot;1px&quot;,&quot;margin&quot;:&quot;-100px 0px -200px 0px&quot;,&quot;content_alignment&quot;:&quot;left&quot;,&quot;title_color&quot;:&quot;#443f3f&quot;,&quot;headings_color&quot;:&quot;#443f3f&quot;}\" >\n<div style=\"text-align: left;\" data-title-color=\"#443f3f\" data-headings-color=\"#443f3f\" class=\"panel-widget-style panel-widget-style-for-214-3-0-0\" >\n<div\n\t\t\t\n\t\t\tclass=\"so-widget-sow-editor so-widget-sow-editor-base\"\n\t\t\t\n\t\t><\/p>\n<div class=\"siteorigin-widget-tinymce textwidget\">\n<p><img loading=\"lazy\" decoding=\"async\" class=\"alignnone size-large wp-image-2308\" src=\"https:\/\/premioledamariamartins.com\/wp-content\/uploads\/2025\/08\/conjunto-logos-PLLM-2025-negativo_Prancheta-1_Prancheta-1-1024x113.png\" alt=\"\" width=\"1024\" height=\"113\" srcset=\"https:\/\/premioledamariamartins.com\/wp-content\/uploads\/2025\/08\/conjunto-logos-PLLM-2025-negativo_Prancheta-1_Prancheta-1-1024x113.png 1024w, https:\/\/premioledamariamartins.com\/wp-content\/uploads\/2025\/08\/conjunto-logos-PLLM-2025-negativo_Prancheta-1_Prancheta-1-300x33.png 300w, https:\/\/premioledamariamartins.com\/wp-content\/uploads\/2025\/08\/conjunto-logos-PLLM-2025-negativo_Prancheta-1_Prancheta-1-768x85.png 768w, https:\/\/premioledamariamartins.com\/wp-content\/uploads\/2025\/08\/conjunto-logos-PLLM-2025-negativo_Prancheta-1_Prancheta-1-1536x170.png 1536w, https:\/\/premioledamariamartins.com\/wp-content\/uploads\/2025\/08\/conjunto-logos-PLLM-2025-negativo_Prancheta-1_Prancheta-1-2048x227.png 2048w, https:\/\/premioledamariamartins.com\/wp-content\/uploads\/2025\/08\/conjunto-logos-PLLM-2025-negativo_Prancheta-1_Prancheta-1-830x92.png 830w, https:\/\/premioledamariamartins.com\/wp-content\/uploads\/2025\/08\/conjunto-logos-PLLM-2025-negativo_Prancheta-1_Prancheta-1-230x25.png 230w, https:\/\/premioledamariamartins.com\/wp-content\/uploads\/2025\/08\/conjunto-logos-PLLM-2025-negativo_Prancheta-1_Prancheta-1-350x39.png 350w, https:\/\/premioledamariamartins.com\/wp-content\/uploads\/2025\/08\/conjunto-logos-PLLM-2025-negativo_Prancheta-1_Prancheta-1-480x53.png 480w\" sizes=\"auto, (max-width: 1024px) 100vw, 1024px\" \/><\/p>\n<\/div>\n<\/div>\n<\/div>\n<\/div>\n<\/div>\n<\/div>\n<\/div>\n<\/div>\n","protected":false},"excerpt":{"rendered":"<p>CATEGORIAS &nbsp; &nbsp; D\u00e1 licen\u00e7a D\u00e1 licen\u00e7a os povo de ontem, os de hoje e de amanh\u00e3 D\u00e1 licen\u00e7a as palavras Pra contar nossas hist\u00f3rias e tamb\u00e9m pra nos contar Pra contar que somos mais, mais que possa imaginar D\u00e1 licen\u00e7a as hist\u00f3rias que agora v\u00e3o contar&#8230; Donde se cruzam caminhos, Culturas, motrizes Donde tomamos [&hellip;]<\/p>\n","protected":false},"author":1,"featured_media":0,"parent":0,"menu_order":0,"comment_status":"closed","ping_status":"closed","template":"page-templates\/page_front-page.php","meta":{"footnotes":""},"class_list":["post-214","page","type-page","status-publish","hentry"],"_links":{"self":[{"href":"https:\/\/premioledamariamartins.com\/index.php\/wp-json\/wp\/v2\/pages\/214","targetHints":{"allow":["GET"]}}],"collection":[{"href":"https:\/\/premioledamariamartins.com\/index.php\/wp-json\/wp\/v2\/pages"}],"about":[{"href":"https:\/\/premioledamariamartins.com\/index.php\/wp-json\/wp\/v2\/types\/page"}],"author":[{"embeddable":true,"href":"https:\/\/premioledamariamartins.com\/index.php\/wp-json\/wp\/v2\/users\/1"}],"replies":[{"embeddable":true,"href":"https:\/\/premioledamariamartins.com\/index.php\/wp-json\/wp\/v2\/comments?post=214"}],"version-history":[{"count":54,"href":"https:\/\/premioledamariamartins.com\/index.php\/wp-json\/wp\/v2\/pages\/214\/revisions"}],"predecessor-version":[{"id":2392,"href":"https:\/\/premioledamariamartins.com\/index.php\/wp-json\/wp\/v2\/pages\/214\/revisions\/2392"}],"wp:attachment":[{"href":"https:\/\/premioledamariamartins.com\/index.php\/wp-json\/wp\/v2\/media?parent=214"}],"curies":[{"name":"wp","href":"https:\/\/api.w.org\/{rel}","templated":true}]}}