{"id":301,"date":"2018-12-06T22:02:23","date_gmt":"2018-12-07T00:02:23","guid":{"rendered":"http:\/\/premioledamariamartins.com\/?page_id=301"},"modified":"2018-12-07T19:51:52","modified_gmt":"2018-12-07T21:51:52","slug":"atuacao-cultural","status":"publish","type":"page","link":"https:\/\/premioledamariamartins.com\/index.php\/atuacao-cultural\/","title":{"rendered":"A.TU.A.\u00c7\u00c3O CULTURAL"},"content":{"rendered":"<h4><\/h4>\n<p>&nbsp;<\/p>\n<h3 style=\"text-align: center;\">A.TU.A.\u00c7\u00c3O CULTURAL<\/h3>\n<p>Espa\u00e7o de apresenta\u00e7\u00e3o de trajet\u00f3rias de media\u00e7\u00e3o cultural e educativa de montagens catalogadas e premiadas pelo Pr\u00eamio Leda Maria Martins. Atua\u00e7\u00f5es diversas, em espa\u00e7os diversos.<\/p>\n<p>Em Breve&#8230;<\/p>\n","protected":false},"excerpt":{"rendered":"<p>&nbsp; A.TU.A.\u00c7\u00c3O CULTURAL Espa\u00e7o de apresenta\u00e7\u00e3o de trajet\u00f3rias de media\u00e7\u00e3o cultural e educativa de montagens catalogadas e premiadas pelo Pr\u00eamio Leda Maria Martins. Atua\u00e7\u00f5es diversas, em espa\u00e7os diversos. Em Breve&#8230;<\/p>\n","protected":false},"author":1,"featured_media":0,"parent":0,"menu_order":0,"comment_status":"closed","ping_status":"closed","template":"page-templates\/page_front-page.php","meta":{"footnotes":""},"class_list":["post-301","page","type-page","status-publish","hentry"],"_links":{"self":[{"href":"https:\/\/premioledamariamartins.com\/index.php\/wp-json\/wp\/v2\/pages\/301","targetHints":{"allow":["GET"]}}],"collection":[{"href":"https:\/\/premioledamariamartins.com\/index.php\/wp-json\/wp\/v2\/pages"}],"about":[{"href":"https:\/\/premioledamariamartins.com\/index.php\/wp-json\/wp\/v2\/types\/page"}],"author":[{"embeddable":true,"href":"https:\/\/premioledamariamartins.com\/index.php\/wp-json\/wp\/v2\/users\/1"}],"replies":[{"embeddable":true,"href":"https:\/\/premioledamariamartins.com\/index.php\/wp-json\/wp\/v2\/comments?post=301"}],"version-history":[{"count":7,"href":"https:\/\/premioledamariamartins.com\/index.php\/wp-json\/wp\/v2\/pages\/301\/revisions"}],"predecessor-version":[{"id":525,"href":"https:\/\/premioledamariamartins.com\/index.php\/wp-json\/wp\/v2\/pages\/301\/revisions\/525"}],"wp:attachment":[{"href":"https:\/\/premioledamariamartins.com\/index.php\/wp-json\/wp\/v2\/media?parent=301"}],"curies":[{"name":"wp","href":"https:\/\/api.w.org\/{rel}","templated":true}]}}